{"id":3509,"date":"2020-10-08T12:23:33","date_gmt":"2020-10-08T10:23:33","guid":{"rendered":"https:\/\/apicoladelbierzo.com\/?page_id=3509"},"modified":"2020-10-08T12:26:56","modified_gmt":"2020-10-08T10:26:56","slug":"politica-de-cookies","status":"publish","type":"page","link":"https:\/\/apicoladelbierzo.com\/ar\/politica-de-cookies\/","title":{"rendered":"\u0633\u064a\u0627\u0633\u0629 \u0645\u0644\u0641\u0627\u062a \u062a\u0639\u0631\u064a\u0641 \u0627\u0644\u0627\u0631\u062a\u0628\u0627\u0637"},"content":{"rendered":"<div class=\"wpb-content-wrapper\"><div id=\"ts-home\"><\/div>\n<div>\n<h4><img loading=\"lazy\" decoding=\"async\" class=\"alignnone wp-image-3513\" src=\"https:\/\/apicoladelbierzo.com\/wp-content\/uploads\/2020\/05\/favicon.png\" alt=\"\" width=\"182\" height=\"184\" \/><\/h4>\n<\/div>\n<div class=\"main-holder\">\n<div id=\"page\" class=\"hfeed site\">\n<div id=\"content-wrapper\" class=\"site-content-wrapper\">\n<div id=\"content\" class=\"site-content container\">\n<div id=\"content-inner\" class=\"site-content-inner row multi-columns-row\">\n<div id=\"primary\" class=\"content-area col-md-9 col-lg-9 col-xs-12 \">\n<article id=\"post-7641\" class=\"post-7641 page type-page status-publish hentry\">\n<div class=\"entry-content\">\n<div class=\"ts-row wpb_row vc_row-fluid ts-total-col-1 ts-zindex-0 vc_row container ts-bgimage-position-center_center\">\n<div class=\"ts-column wpb_column vc_column_container vc_col-sm-12 ts-zindex-0\">\n<div class=\"vc_column-inner \">\n<div class=\"wpb_wrapper\">\n<div class=\"ts-element-heading-wrapper ts-heading-inner ts-element-align-left ts-seperator-none \">\n<section class=\"ts-vc_cta3-container\">\n<div class=\"ts-vc_general ts-vc_cta3 ts-cta3-only ts-vc_cta3-style-classic ts-vc_cta3-shape-rounded ts-vc_cta3-align-left ts-vc_cta3-color-transparent ts-vc_cta3-icon-size-md ts-vc_cta3-actions-no ts-cta3-without-desc\">\n<div class=\"ts-vc_cta3_content-container\">\n<div class=\"ts-vc_cta3-content\">\n<div class=\"ts-vc_cta3-content-header ts-wrap\">\n<div class=\"ts-vc_cta3-headers ts-wrap-cell\">\n<h3>POL\u00cdTICA DE COOKIES<\/h3>\n<\/div>\n<\/div>\n<\/div>\n<\/div>\n<\/div>\n<\/section>\n<\/div>\n<\/div>\n<\/div>\n<\/div>\n<\/div>\n<\/div>\n<\/article>\n<p><strong>\u00bfQU\u00c9 ES UNA COOKIE?<\/strong><\/p>\n<p>Una &#8220;cookie&#8221; es una peque\u00f1a cantidad de texto que se almacena en el navegador del usuario (como por ejemplo Google Chrome o Safari de Apple) cuando este navega por la mayor\u00eda de los sitios web. Una cookie no es un virus, ni un troyano, ni un gusano, ni spam, ni spyware, ni abre ventanas pop-up.<\/p>\n<p><strong>\u00bfQUE INFORMACI\u00d3N ALMACENA UNA COOKIE?<\/strong><\/p>\n<p>Las cookies no suelen almacenar informaci\u00f3n sensible sobre el usuario, como n\u00fameros de tarjetas de cr\u00e9dito o datos bancarios, fotograf\u00edas o informaci\u00f3n personal, etc. Los datos que guardan las cookies son de car\u00e1cter t\u00e9cnico, estad\u00edsticos, preferencias personales, personalizaci\u00f3n de contenidos, etc.<\/p>\n<p>El servidor web no asocia al usuario como persona sino a su navegador web. Si el usuario navega habitualmente con el navegador Chrome y prueba a navegar con el navegador Firefox, ver\u00e1 que la web no se da cuenta que el usuario es la misma persona porque en realidad est\u00e1 asociando la informaci\u00f3n al navegador, no a la persona.<\/p>\n<p><strong>\u00bfQU\u00c9 COOKIES EXISTEN?<\/strong><\/p>\n<p>Existen tres tipos diferentes de cookies:<\/p>\n<ul>\n<li>Cookies t\u00e9cnicas: son las cookies m\u00e1s elementales y permiten, entre otras cosas, saber cu\u00e1ndo est\u00e1 navegando un humano o una aplicaci\u00f3n automatizada, cuando navega un usuario an\u00f3nimo y uno registrado, que son tareas b\u00e1sicas para el funcionamiento de cualquier web din\u00e1mica.<\/li>\n<li>Cookies de an\u00e1lisis: son cookies que recogen informaci\u00f3n sobre el tipo de navegaci\u00f3n que est\u00e1 realizando el usuario, las secciones que m\u00e1s utiliza, productos consultados, franja horaria de uso, idioma, etc.<\/li>\n<li>Cookies publicitarias: son las cookies que muestran publicidad en funci\u00f3n de la navegaci\u00f3n del usuario, su pa\u00eds de procedencia, idioma, etc.<\/li>\n<\/ul>\n<p><strong>COOKIES ACEPTADAS POR LA NORMATIVA Y COOKIES EXCEPTUADAS<\/strong><\/p>\n<p>Seg\u00fan la directiva de la Uni\u00f3n Europea, las cookies que requieren el consentimiento informado por parte del usuario son las cookies de anal\u00edtica y las de publicidad y afiliaci\u00f3n, quedando exceptuadas las de car\u00e1cter t\u00e9cnico y las necesarias para el funcionamiento del sitio web o la prestaci\u00f3n de servicios expresamente solicitados por el usuario.<\/p>\n<p><strong>\u00bfQU\u00c9 COOKIES UTILIZA ESTE SITIO WEB?<\/strong><\/p>\n<p>Esta p\u00e1gina web utiliza cookies propias y de terceros. En este sitio web se utilizan las siguientes cookies que se detallan a continuaci\u00f3n:<\/p>\n<ul>\n<li>COOKIES PROPIAS<\/li>\n<\/ul>\n<p>Personalizaci\u00f3n: las cookies nos ayudan a recordar con qu\u00e9 personas o sitios web has interactuado para que as\u00ed podamos mostrarte contenido relacionado.<\/p>\n<p>Preferencias: las cookies nos permiten recordar tus ajustes y preferencias, como el idioma preferido y tu configuraci\u00f3n de privacidad.<\/p>\n<p>Seguridad: utilizamos cookies para evitarte riesgos de seguridad.<\/p>\n<ul>\n<li>COOKIES DE TERCEROS<\/li>\n<\/ul>\n<p>Cookies anal\u00edticas de Google Analitycs<\/p>\n<p>Esta p\u00e1gina web utiliza servicios de an\u00e1lisis, concretamente Google Analytics para ayudar al sitio web a analizar el uso que hacen de la web los usuarios y para mejorar la usabilidad de la misma, pero en ning\u00fan caso se asocian a datos que pudieran llegar a identificar al usuario. Google Analytics es un servicio anal\u00edtico de web prestado por Google Inc. El usuario puede consultar en<a href=\"https:\/\/policies.google.com\/technologies\/types?hl=es&amp;gl=es\" target=\"_blank\" rel=\"noopener noreferrer\"> https:\/\/policies.google.com\/technologies\/types?hl=es&amp;gl=es<\/a> el tipo de cookies utilizadas por Google.<\/p>\n<ul>\n<li>COOKIES DE REDES SOCIALES<\/li>\n<\/ul>\n<p>Las cookies de redes sociales pueden almacenarse en el navegador del usuario mientras navega por la web.<\/p>\n<p><strong>\u00bfSE PUEDEN ELIMINAR LAS COOKIES?<\/strong><\/p>\n<p>Las cookies se pueden eliminar, y no s\u00f3lo eliminar sin tambi\u00e9n bloquear, de forma general o particular para un dominio espec\u00edfico.<\/p>\n<p>Para eliminar las cookies de un sitio web el usuario debe ir a la configuraci\u00f3n de su navegador y all\u00ed podr\u00e1 buscar las asociadas al dominio en cuesti\u00f3n y proceder a su eliminaci\u00f3n.<\/p>\n<ul>\n<li>Configuraci\u00f3n de cookies para <a href=\"https:\/\/support.google.com\/chrome\/answer\/95647?hl=es\" target=\"_blank\" rel=\"noopener noreferrer\">Google Chrome\u00a0<\/a><\/li>\n<li>Configuraci\u00f3n de cookies para <a href=\"https:\/\/support.apple.com\/es-es\/HT201265\" target=\"_blank\" rel=\"noopener noreferrer\">Apple Safari<\/a><\/li>\n<li>Configuraci\u00f3n de cookies para <a href=\"https:\/\/support.microsoft.com\/en-us\/help\/17442\/windows-internet-explorer-delete-manage-cookies#ie=ie-10\" target=\"_blank\" rel=\"noopener noreferrer\">Internet Explorer\u00a0<\/a><\/li>\n<li>Configuraci\u00f3n de cookies para <a href=\"https:\/\/support.mozilla.org\/es\/kb\/habilitar-y-deshabilitar-cookies-sitios-web-rastrear-preferencias\" target=\"_blank\" rel=\"noopener noreferrer\">Mozilla Firefox<\/a><\/li>\n<\/ul>\n<p><strong>ACEPTACI\u00d3N DE COOKIES<\/strong><\/p>\n<p>Si el usuario marca la casilla de aceptaci\u00f3n dispuesta en el banner despu\u00e9s de haberle informado sobre nuestra Pol\u00edtica de cookies entendemos que acepta la utilizaci\u00f3n de las cookies.<\/p>\n<p>Al acceder a este sitio web o aplicaci\u00f3n por primera vez, el usuario ver\u00e1 una advertencia donde se le informa de la utilizaci\u00f3n de las cookies y donde puede consultar esta pol\u00edtica de cookies. Si el usuario consiente la utilizaci\u00f3n de cookies marcando la casilla de aceptaci\u00f3n se entender\u00e1 que ha consentido nuestra pol\u00edtica de cookies y, por tanto, la instalaci\u00f3n de las mismas en su equipo o dispositivo.<\/p>\n<p>Adem\u00e1s del uso de nuestras cookies propias, permitimos a terceros establecer cookies y acceder a ellas en el ordenador del usuario. El consentimiento del uso de las cookies de estas empresas est\u00e1 ligado a la aceptaci\u00f3n expresa del usuario.<\/p>\n<p><strong>M\u00c1S INFORMACI\u00d3N SOBRE LAS COOKIES<\/strong><\/p>\n<p>Para m\u00e1s informaci\u00f3n los usuarios pueden consultar el reglamento sobre cookies publicado por la Agencia Espa\u00f1ola de Protecci\u00f3n de Datos en su &#8220;Gu\u00eda sobre el uso de las cookies&#8221; y obtener m\u00e1s informaci\u00f3n adicional sobre las cookies en Internet en <a href=\"http:\/\/www.aboutcookies.org\/\" target=\"_blank\" rel=\"noopener noreferrer\">http:\/\/www.aboutcookies.org\/<\/a><\/p>\n<p>Si el usuario desea tener un mayor control sobre la instalaci\u00f3n de cookies puede instalar programas o complementos a su navegador, conocidos como herramientas de &#8220;Do Not Track&#8221;, que le permitir\u00e1n escoger aquellas cookies que desee permitir.<\/p>\n<\/div>\n<\/div>\n<\/div>\n<\/div>\n<\/div>\n<\/div>\n<\/div>","protected":false},"excerpt":{"rendered":"<p>POL\u00cdTICA DE COOKIES \u00bfQU\u00c9 ES UNA COOKIE? Una &#8220;cookie&#8221; es una peque\u00f1a cantidad de texto que se almacena en el navegador del usuario (como por ejemplo [&hellip;]<\/p>\n","protected":false},"author":1,"featured_media":0,"parent":0,"menu_order":0,"comment_status":"closed","ping_status":"closed","template":"","meta":{"om_disable_all_campaigns":false,"_monsterinsights_skip_tracking":false,"_monsterinsights_sitenote_active":false,"_monsterinsights_sitenote_note":"","_monsterinsights_sitenote_category":0,"footnotes":""},"class_list":["post-3509","page","type-page","status-publish","hentry"],"aioseo_notices":[],"yoast_head":"<!-- This site is optimized with the Yoast SEO plugin v24.7 - https:\/\/yoast.com\/wordpress\/plugins\/seo\/ -->\n<title>\u0633\u064a\u0627\u0633\u0629 \u0645\u0644\u0641\u0627\u062a \u062a\u0639\u0631\u064a\u0641 \u0627\u0644\u0627\u0631\u062a\u0628\u0627\u0637 - Apicola del Bierzo<\/title>\n<meta name=\"robots\" content=\"index, follow, max-snippet:-1, max-image-preview:large, max-video-preview:-1\" \/>\n<link rel=\"canonical\" href=\"https:\/\/apicoladelbierzo.com\/ar\/politica-de-cookies\/\" \/>\n<meta property=\"og:locale\" content=\"ar_AR\" \/>\n<meta property=\"og:type\" content=\"article\" \/>\n<meta property=\"og:title\" content=\"\u0633\u064a\u0627\u0633\u0629 \u0645\u0644\u0641\u0627\u062a \u062a\u0639\u0631\u064a\u0641 \u0627\u0644\u0627\u0631\u062a\u0628\u0627\u0637 - Apicola del Bierzo\" \/>\n<meta property=\"og:description\" content=\"POL\u00cdTICA DE COOKIES \u00bfQU\u00c9 ES UNA COOKIE? Una &#8220;cookie&#8221; es una peque\u00f1a cantidad de texto que se almacena en el navegador del usuario (como por ejemplo [&hellip;]\" \/>\n<meta property=\"og:url\" content=\"https:\/\/apicoladelbierzo.com\/ar\/politica-de-cookies\/\" \/>\n<meta property=\"og:site_name\" content=\"Apicola del Bierzo\" \/>\n<meta property=\"article:modified_time\" content=\"2020-10-08T10:26:56+00:00\" \/>\n<meta property=\"og:image\" content=\"https:\/\/apicoladelbierzo.com\/wp-content\/uploads\/2020\/05\/favicon.png\" \/>\n<meta name=\"twitter:card\" content=\"summary_large_image\" \/>\n<meta name=\"twitter:label1\" content=\"\u0648\u0642\u062a \u0627\u0644\u0642\u0631\u0627\u0621\u0629 \u0627\u0644\u0645\u064f\u0642\u062f\u0651\u0631\" \/>\n\t<meta name=\"twitter:data1\" content=\"5 \u062f\u0642\u0627\u0626\u0642\" \/>\n<script type=\"application\/ld+json\" class=\"yoast-schema-graph\">{\"@context\":\"https:\/\/schema.org\",\"@graph\":[{\"@type\":\"WebPage\",\"@id\":\"https:\/\/apicoladelbierzo.com\/ar\/politica-de-cookies\/\",\"url\":\"https:\/\/apicoladelbierzo.com\/ar\/politica-de-cookies\/\",\"name\":\"\u0633\u064a\u0627\u0633\u0629 \u0645\u0644\u0641\u0627\u062a \u062a\u0639\u0631\u064a\u0641 \u0627\u0644\u0627\u0631\u062a\u0628\u0627\u0637 - Apicola del Bierzo\",\"isPartOf\":{\"@id\":\"https:\/\/apicoladelbierzo.com\/ar\/#website\"},\"primaryImageOfPage\":{\"@id\":\"https:\/\/apicoladelbierzo.com\/ar\/politica-de-cookies\/#primaryimage\"},\"image\":{\"@id\":\"https:\/\/apicoladelbierzo.com\/ar\/politica-de-cookies\/#primaryimage\"},\"thumbnailUrl\":\"https:\/\/apicoladelbierzo.com\/wp-content\/uploads\/2020\/05\/favicon.png\",\"datePublished\":\"2020-10-08T10:23:33+00:00\",\"dateModified\":\"2020-10-08T10:26:56+00:00\",\"breadcrumb\":{\"@id\":\"https:\/\/apicoladelbierzo.com\/ar\/politica-de-cookies\/#breadcrumb\"},\"inLanguage\":\"ar\",\"potentialAction\":[{\"@type\":\"ReadAction\",\"target\":[\"https:\/\/apicoladelbierzo.com\/ar\/politica-de-cookies\/\"]}]},{\"@type\":\"ImageObject\",\"inLanguage\":\"ar\",\"@id\":\"https:\/\/apicoladelbierzo.com\/ar\/politica-de-cookies\/#primaryimage\",\"url\":\"https:\/\/apicoladelbierzo.com\/wp-content\/uploads\/2020\/05\/favicon.png\",\"contentUrl\":\"https:\/\/apicoladelbierzo.com\/wp-content\/uploads\/2020\/05\/favicon.png\"},{\"@type\":\"BreadcrumbList\",\"@id\":\"https:\/\/apicoladelbierzo.com\/ar\/politica-de-cookies\/#breadcrumb\",\"itemListElement\":[{\"@type\":\"ListItem\",\"position\":1,\"name\":\"Portada\",\"item\":\"https:\/\/apicoladelbierzo.com\/ar\/\"},{\"@type\":\"ListItem\",\"position\":2,\"name\":\"\u0633\u064a\u0627\u0633\u0629 \u0645\u0644\u0641\u0627\u062a \u062a\u0639\u0631\u064a\u0641 \u0627\u0644\u0627\u0631\u062a\u0628\u0627\u0637\"}]},{\"@type\":\"WebSite\",\"@id\":\"https:\/\/apicoladelbierzo.com\/ar\/#website\",\"url\":\"https:\/\/apicoladelbierzo.com\/ar\/\",\"name\":\"Apicola del Bierzo\",\"description\":\"Miel del Bierzo\",\"potentialAction\":[{\"@type\":\"SearchAction\",\"target\":{\"@type\":\"EntryPoint\",\"urlTemplate\":\"https:\/\/apicoladelbierzo.com\/ar\/?s={search_term_string}\"},\"query-input\":{\"@type\":\"PropertyValueSpecification\",\"valueRequired\":true,\"valueName\":\"search_term_string\"}}],\"inLanguage\":\"ar\"}]}<\/script>\n<!-- \/ Yoast SEO plugin. -->","yoast_head_json":{"title":"\u0633\u064a\u0627\u0633\u0629 \u0645\u0644\u0641\u0627\u062a \u062a\u0639\u0631\u064a\u0641 \u0627\u0644\u0627\u0631\u062a\u0628\u0627\u0637 - Apicola del Bierzo","robots":{"index":"index","follow":"follow","max-snippet":"max-snippet:-1","max-image-preview":"max-image-preview:large","max-video-preview":"max-video-preview:-1"},"canonical":"https:\/\/apicoladelbierzo.com\/ar\/politica-de-cookies\/","og_locale":"ar_AR","og_type":"article","og_title":"\u0633\u064a\u0627\u0633\u0629 \u0645\u0644\u0641\u0627\u062a \u062a\u0639\u0631\u064a\u0641 \u0627\u0644\u0627\u0631\u062a\u0628\u0627\u0637 - Apicola del Bierzo","og_description":"POL\u00cdTICA DE COOKIES \u00bfQU\u00c9 ES UNA COOKIE? Una &#8220;cookie&#8221; es una peque\u00f1a cantidad de texto que se almacena en el navegador del usuario (como por ejemplo [&hellip;]","og_url":"https:\/\/apicoladelbierzo.com\/ar\/politica-de-cookies\/","og_site_name":"Apicola del Bierzo","article_modified_time":"2020-10-08T10:26:56+00:00","og_image":[{"url":"https:\/\/apicoladelbierzo.com\/wp-content\/uploads\/2020\/05\/favicon.png","type":"","width":"","height":""}],"twitter_card":"summary_large_image","twitter_misc":{"\u0648\u0642\u062a \u0627\u0644\u0642\u0631\u0627\u0621\u0629 \u0627\u0644\u0645\u064f\u0642\u062f\u0651\u0631":"5 \u062f\u0642\u0627\u0626\u0642"},"schema":{"@context":"https:\/\/schema.org","@graph":[{"@type":"WebPage","@id":"https:\/\/apicoladelbierzo.com\/ar\/politica-de-cookies\/","url":"https:\/\/apicoladelbierzo.com\/ar\/politica-de-cookies\/","name":"\u0633\u064a\u0627\u0633\u0629 \u0645\u0644\u0641\u0627\u062a \u062a\u0639\u0631\u064a\u0641 \u0627\u0644\u0627\u0631\u062a\u0628\u0627\u0637 - Apicola del Bierzo","isPartOf":{"@id":"https:\/\/apicoladelbierzo.com\/ar\/#website"},"primaryImageOfPage":{"@id":"https:\/\/apicoladelbierzo.com\/ar\/politica-de-cookies\/#primaryimage"},"image":{"@id":"https:\/\/apicoladelbierzo.com\/ar\/politica-de-cookies\/#primaryimage"},"thumbnailUrl":"https:\/\/apicoladelbierzo.com\/wp-content\/uploads\/2020\/05\/favicon.png","datePublished":"2020-10-08T10:23:33+00:00","dateModified":"2020-10-08T10:26:56+00:00","breadcrumb":{"@id":"https:\/\/apicoladelbierzo.com\/ar\/politica-de-cookies\/#breadcrumb"},"inLanguage":"ar","potentialAction":[{"@type":"ReadAction","target":["https:\/\/apicoladelbierzo.com\/ar\/politica-de-cookies\/"]}]},{"@type":"ImageObject","inLanguage":"ar","@id":"https:\/\/apicoladelbierzo.com\/ar\/politica-de-cookies\/#primaryimage","url":"https:\/\/apicoladelbierzo.com\/wp-content\/uploads\/2020\/05\/favicon.png","contentUrl":"https:\/\/apicoladelbierzo.com\/wp-content\/uploads\/2020\/05\/favicon.png"},{"@type":"BreadcrumbList","@id":"https:\/\/apicoladelbierzo.com\/ar\/politica-de-cookies\/#breadcrumb","itemListElement":[{"@type":"ListItem","position":1,"name":"Portada","item":"https:\/\/apicoladelbierzo.com\/ar\/"},{"@type":"ListItem","position":2,"name":"\u0633\u064a\u0627\u0633\u0629 \u0645\u0644\u0641\u0627\u062a \u062a\u0639\u0631\u064a\u0641 \u0627\u0644\u0627\u0631\u062a\u0628\u0627\u0637"}]},{"@type":"WebSite","@id":"https:\/\/apicoladelbierzo.com\/ar\/#website","url":"https:\/\/apicoladelbierzo.com\/ar\/","name":"Apicola del Bierzo","description":"Miel del Bierzo","potentialAction":[{"@type":"SearchAction","target":{"@type":"EntryPoint","urlTemplate":"https:\/\/apicoladelbierzo.com\/ar\/?s={search_term_string}"},"query-input":{"@type":"PropertyValueSpecification","valueRequired":true,"valueName":"search_term_string"}}],"inLanguage":"ar"}]}},"_links":{"self":[{"href":"https:\/\/apicoladelbierzo.com\/ar\/wp-json\/wp\/v2\/pages\/3509","targetHints":{"allow":["GET"]}}],"collection":[{"href":"https:\/\/apicoladelbierzo.com\/ar\/wp-json\/wp\/v2\/pages"}],"about":[{"href":"https:\/\/apicoladelbierzo.com\/ar\/wp-json\/wp\/v2\/types\/page"}],"author":[{"embeddable":true,"href":"https:\/\/apicoladelbierzo.com\/ar\/wp-json\/wp\/v2\/users\/1"}],"replies":[{"embeddable":true,"href":"https:\/\/apicoladelbierzo.com\/ar\/wp-json\/wp\/v2\/comments?post=3509"}],"version-history":[{"count":3,"href":"https:\/\/apicoladelbierzo.com\/ar\/wp-json\/wp\/v2\/pages\/3509\/revisions"}],"predecessor-version":[{"id":3517,"href":"https:\/\/apicoladelbierzo.com\/ar\/wp-json\/wp\/v2\/pages\/3509\/revisions\/3517"}],"wp:attachment":[{"href":"https:\/\/apicoladelbierzo.com\/ar\/wp-json\/wp\/v2\/media?parent=3509"}],"curies":[{"name":"wp","href":"https:\/\/api.w.org\/{rel}","templated":true}]}}